{"id":55,"date":"2018-09-26T16:53:34","date_gmt":"2018-09-26T16:53:34","guid":{"rendered":"http:\/\/test.connecting-online.eu\/?page_id=55"},"modified":"2023-01-30T16:37:03","modified_gmt":"2023-01-30T16:37:03","slug":"schulungen","status":"publish","type":"page","link":"https:\/\/connecting-online.eu\/?page_id=55","title":{"rendered":"Schulungen"},"content":{"rendered":"\n<div class=\"wp-block-image\"><figure class=\"alignright is-resized\"><img loading=\"lazy\" decoding=\"async\" src=\"http:\/\/test.connecting-online.eu\/wp-content\/uploads\/2018\/10\/IMG_20181019_140212.jpg\" alt=\"\" class=\"wp-image-149\" width=\"236\" height=\"201\" srcset=\"https:\/\/connecting-online.eu\/wp-content\/uploads\/2018\/10\/IMG_20181019_140212.jpg 3205w, https:\/\/connecting-online.eu\/wp-content\/uploads\/2018\/10\/IMG_20181019_140212-300x256.jpg 300w, https:\/\/connecting-online.eu\/wp-content\/uploads\/2018\/10\/IMG_20181019_140212-768x656.jpg 768w, https:\/\/connecting-online.eu\/wp-content\/uploads\/2018\/10\/IMG_20181019_140212-1024x874.jpg 1024w, https:\/\/connecting-online.eu\/wp-content\/uploads\/2018\/10\/IMG_20181019_140212-600x512.jpg 600w\" sizes=\"(max-width: 236px) 100vw, 236px\" \/><\/figure><\/div>\n\n\n\n<p>Wir streben mit unseren Schulungen an, unsere Kooperationspartner in die Lage zu versetzen, Zusammenh\u00e4nge in ihrem Unternehmen zu verstehen, wo n\u00f6tig Reorganisation einzuleiten, und zu respektvollem und integriertem Probleml\u00f6severhalten beizutragen. Unser berufsp\u00e4dagogisches Ziel ist, dass unsere Kooperationspartner von unserer Schulung und Beratung unabh\u00e4ngig werden, sich eine thematische Selbsterschlie\u00dfungskompetenz aneignen und k\u00fcnftig ohne fremde Hilfe die Evaluation ihres Aggressions- und Sicherheitsmanagements vornehmen k\u00f6nnen und einen kontinuierlichen Verbesserungsprozess fortf\u00fchren k\u00f6nnen.<\/p>\n\n\n\n<p>Kurz: Es geht um die Implementation einer sich selbst tragenden und sich selbst verbessernden Sicherheitskultur.<\/p>\n\n\n\n<p>Dazu bieten wir eine umfassende Multiplikatorenausbildung an. N\u00e4hrere Infos hier.<\/p>\n\n\n\n<p>Zus\u00e4tzlich bieten wir Informations-\/Einstiegs-Workshops an.  <\/p>\n\n\n\n<p>Auch direkte Mitarbeiterschulungen in unterschiedlichem Umfang sind m\u00f6glich. Hierf\u00fcr haben wir verschiedene Schulungskonzepte vorbereitet, die jeweils auf die zu schulende Einrichtung angepasst wird:<\/p>\n\n\n\n<p>1-Tages-Workshops (Einstiegs-\/Infomationsveranstaltung)<\/p>\n\n\n\n<p>2-Tages-Workshops f\u00fcr Altenpflegeeinrichtungen, Krankenh\u00e4user, Notaufnahmen etc.<\/p>\n\n\n\n<p>3-Tages-Workshops f\u00fcr Gemeindepsychiatrie Einrichtungen<\/p>\n\n\n\n<p>5-t\u00e4giges Basistraining f\u00fcr station\u00e4re Psychiatrien<\/p>\n\n\n\n<p><\/p>\n\n\n\n<p>Wir beraten Sie gerne!<\/p>\n\n\n\n<p><a href=\"https:\/\/connecting-online.eu\/?page_id=33\">Kontaktieren <\/a>Sie uns.<\/p>\n","protected":false},"excerpt":{"rendered":"<p>Wir streben mit unseren Schulungen an, unsere Kooperationspartner in die Lage zu versetzen, Zusammenh\u00e4nge in ihrem Unternehmen zu verstehen, wo n\u00f6tig Reorganisation einzuleiten, und zu respektvollem und integriertem Probleml\u00f6severhalten beizutragen. Unser berufsp\u00e4dagogisches Ziel ist, dass unsere Kooperationspartner von unserer Schulung und Beratung unabh\u00e4ngig werden, sich eine thematische Selbsterschlie\u00dfungskompetenz aneignen und k\u00fcnftig ohne fremde Hilfe die [&hellip;]<\/p>\n","protected":false},"author":1,"featured_media":0,"parent":25,"menu_order":0,"comment_status":"closed","ping_status":"closed","template":"","meta":{"_et_pb_use_builder":"","_et_pb_old_content":"","_et_gb_content_width":"","footnotes":""},"class_list":["post-55","page","type-page","status-publish","hentry"],"_links":{"self":[{"href":"https:\/\/connecting-online.eu\/index.php?rest_route=\/wp\/v2\/pages\/55","targetHints":{"allow":["GET"]}}],"collection":[{"href":"https:\/\/connecting-online.eu\/index.php?rest_route=\/wp\/v2\/pages"}],"about":[{"href":"https:\/\/connecting-online.eu\/index.php?rest_route=\/wp\/v2\/types\/page"}],"author":[{"embeddable":true,"href":"https:\/\/connecting-online.eu\/index.php?rest_route=\/wp\/v2\/users\/1"}],"replies":[{"embeddable":true,"href":"https:\/\/connecting-online.eu\/index.php?rest_route=%2Fwp%2Fv2%2Fcomments&post=55"}],"version-history":[{"count":12,"href":"https:\/\/connecting-online.eu\/index.php?rest_route=\/wp\/v2\/pages\/55\/revisions"}],"predecessor-version":[{"id":1467,"href":"https:\/\/connecting-online.eu\/index.php?rest_route=\/wp\/v2\/pages\/55\/revisions\/1467"}],"up":[{"embeddable":true,"href":"https:\/\/connecting-online.eu\/index.php?rest_route=\/wp\/v2\/pages\/25"}],"wp:attachment":[{"href":"https:\/\/connecting-online.eu\/index.php?rest_route=%2Fwp%2Fv2%2Fmedia&parent=55"}],"curies":[{"name":"wp","href":"https:\/\/api.w.org\/{rel}","templated":true}]}}