{"id":47,"date":"2018-09-26T16:40:31","date_gmt":"2018-09-26T16:40:31","guid":{"rendered":"http:\/\/test.connecting-online.eu\/?page_id=47"},"modified":"2020-07-23T09:02:48","modified_gmt":"2020-07-23T09:02:48","slug":"wie-arbeiten-wir","status":"publish","type":"page","link":"https:\/\/connecting-online.eu\/?page_id=47","title":{"rendered":"Wie arbeiten wir?"},"content":{"rendered":"<p style=\"text-align: left;\" align=\"center\"><b><i>Beratung und Schulung<\/i><\/b><\/p>\n<p>Die Arbeit von CONNECTING ist von einem emanzipierenden Beratungs- und Bildungsbegriff gepr\u00e4gt. Deshalb versteht sich CONNECTING\u00a0als Unternehmen, das seine Kooperationspartner in die Lage versetzt, k\u00fcnftig selbst\u00e4ndig auskommen zu k\u00f6nnen.<\/p>\n<p>Neben der Vermittlung von Wissen und Werten geht es deshalb um Aufbau von Kompetenzen f\u00fcr die L\u00f6sung von identifizierten Anforderungen. Zur Entwicklung einer weitergehenden, eigenst\u00e4ndigen Probleml\u00f6sekompetenz bietet CONNECTING umfassende Multikatorenausbildungen\u00a0an.<\/p>\n<p><b><i>Kompetenzentwicklung<\/i><\/b><\/p>\n<p>CONNECTING\u00a0schult zu diesem Zweck in vier Kompetenzklassen:<\/p>\n<p>1. Personale Kompetenzen: eine Person kann reflexiv handeln z.B. sich selbst einsch\u00e4tzen und sich kreativ entwickeln<\/p>\n<p>2. Aktivit\u00e4ts- und umsetzungsorientierte Kompetenzen: eine Person kann Absichten, Vorhaben und Pl\u00e4ne umsetzen.<\/p>\n<p>3. Fachlich-methodische Kompetenzen: eine Person kann anhand ihrer fachlichen und instrumentellen Kenntnisse, Fertigkeiten, und F\u00e4higkeiten kreativ Probleme l\u00f6sen, Wissen sinnorientiert einordnen und bewerten.<\/p>\n<p>4. Sozial-kommunikative Kompetenzen: eine Person kann kommunikativ und kooperativ handeln, sich mit anderen auseinander- und zusammensetzen<\/p>\n<p><em>aus: Erpenbeck, J. and von Rosenstiel, L.,\u00a0Handbuch Kompetenzmessung (Handbook of competence measurements). 2003, Stuttgart: Sch\u00e4ffer-Poeschel.<\/em><\/p>\n<p><i><\/i><u><\/u><b><i>Integration und Zusammenarbeit<\/i><\/b><\/p>\n<p>Mittels eines integrierten Ansatzes werden alle handelnden Personen und Entscheidung tragenden Ebenen beteiligt und miteinander in Verbindung gebracht. CONNECTING\u00a0f\u00f6rdert deshalb die multiprofessionelle Zusammenarbeit auf allen Ebenen, die Kommunikation mit Patienten\/Klienten\/Bewohnern, mit Angeh\u00f6rigen\/Freunden sowie mit weiteren Kooperationspartnern wie Polizei, Gericht, und Beh\u00f6rden.<\/p>\n<p>Mitarbeiter von CONNECTING \u00a0und Dozenten engagieren sich selbst in der Forschung zu Aggression im Gesundheitswesen sowie in der fachdidaktischen Forschung zur Transformation dieses komplexen Wissensfeldes in zielgruppenadaptierte Lehr- bzw. Lerneinheiten.<\/p>\n","protected":false},"excerpt":{"rendered":"<p>Beratung und Schulung Die Arbeit von CONNECTING ist von einem emanzipierenden Beratungs- und Bildungsbegriff gepr\u00e4gt. Deshalb versteht sich CONNECTING\u00a0als Unternehmen, das seine Kooperationspartner in die Lage versetzt, k\u00fcnftig selbst\u00e4ndig auskommen zu k\u00f6nnen. Neben der Vermittlung von Wissen und Werten geht es deshalb um Aufbau von Kompetenzen f\u00fcr die L\u00f6sung von identifizierten Anforderungen. Zur Entwicklung einer [&hellip;]<\/p>\n","protected":false},"author":1,"featured_media":0,"parent":23,"menu_order":0,"comment_status":"closed","ping_status":"closed","template":"","meta":{"_et_pb_use_builder":"","_et_pb_old_content":"","_et_gb_content_width":"","footnotes":""},"class_list":["post-47","page","type-page","status-publish","hentry"],"_links":{"self":[{"href":"https:\/\/connecting-online.eu\/index.php?rest_route=\/wp\/v2\/pages\/47","targetHints":{"allow":["GET"]}}],"collection":[{"href":"https:\/\/connecting-online.eu\/index.php?rest_route=\/wp\/v2\/pages"}],"about":[{"href":"https:\/\/connecting-online.eu\/index.php?rest_route=\/wp\/v2\/types\/page"}],"author":[{"embeddable":true,"href":"https:\/\/connecting-online.eu\/index.php?rest_route=\/wp\/v2\/users\/1"}],"replies":[{"embeddable":true,"href":"https:\/\/connecting-online.eu\/index.php?rest_route=%2Fwp%2Fv2%2Fcomments&post=47"}],"version-history":[{"count":4,"href":"https:\/\/connecting-online.eu\/index.php?rest_route=\/wp\/v2\/pages\/47\/revisions"}],"predecessor-version":[{"id":423,"href":"https:\/\/connecting-online.eu\/index.php?rest_route=\/wp\/v2\/pages\/47\/revisions\/423"}],"up":[{"embeddable":true,"href":"https:\/\/connecting-online.eu\/index.php?rest_route=\/wp\/v2\/pages\/23"}],"wp:attachment":[{"href":"https:\/\/connecting-online.eu\/index.php?rest_route=%2Fwp%2Fv2%2Fmedia&parent=47"}],"curies":[{"name":"wp","href":"https:\/\/api.w.org\/{rel}","templated":true}]}}