{"id":33,"date":"2018-09-26T16:28:04","date_gmt":"2018-09-26T16:28:04","guid":{"rendered":"http:\/\/test.connecting-online.eu\/?page_id=33"},"modified":"2023-06-03T08:21:39","modified_gmt":"2023-06-03T08:21:39","slug":"kontakt","status":"publish","type":"page","link":"https:\/\/connecting-online.eu\/?page_id=33","title":{"rendered":"Kontakt"},"content":{"rendered":"\n<figure class=\"wp-block-table\"><table><tbody><tr><td>Gernot Walter<br>Christian-Schad-Str. 11  <br>63743 Aschaffenburg <br>Tel.:+49 6021 7938540<br>Mobil: +49 179 4710713<br>E-Mail:&nbsp;<a style=\"font-size: inherit; font-family: inherit; font-weight: inherit; background-color: var(--ast-global-color-5);\">post@gernotwalter.de<\/a> <\/td><td><br>Nico Oud <br>Hakfort 621,. NL.<br>1102 LA Amsterdam ZO<br>Tel.: +31 20 4090369<br>Mobil: +31 653941506<br>E-Mail: <a style=\"font-size: inherit; font-family: inherit; font-weight: inherit; background-color: var(--ast-global-color-5);\">nico.oud@freeler.nl<\/a> <\/td><\/tr><\/tbody><\/table><\/figure>\n\n\n\n<p>Sie m\u00f6chten direkt Kontakt zu uns aufnehmen, mehr \u00fcber Schulung und Ausbildung erfahren dann k\u00f6nnen sie sich \u00fcber das Formular mit uns in Verbindung setzen.<\/p>\n\n\n<p>[contact-form to=&#8220;mail@gernotwalter.de, riccardo.biedebach@connecting-online.eu&#8220; subject=&#8220;Anfrage an Connecting&#8220;][contact-field label=&#8220;Name&#8220; type=&#8220;name&#8220; required=&#8220;1&#8243;][contact-field label=&#8220;E-Mail &#8220; type=&#8220;email&#8220; required=&#8220;1&#8243;][contact-field label=&#8220;Nachricht&#8220; type=&#8220;textarea&#8220;][\/contact-form]<\/p>\n","protected":false},"excerpt":{"rendered":"<p>Gernot WalterChristian-Schad-Str. 11 63743 Aschaffenburg Tel.:+49 6021 7938540Mobil: +49 179 4710713E-Mail:&nbsp;post@gernotwalter.de Nico Oud Hakfort 621,. NL.1102 LA Amsterdam ZOTel.: +31 20 4090369Mobil: +31 653941506E-Mail: nico.oud@freeler.nl Sie m\u00f6chten direkt Kontakt zu uns aufnehmen, mehr \u00fcber Schulung und Ausbildung erfahren dann k\u00f6nnen sie sich \u00fcber das Formular mit uns in Verbindung setzen.<\/p>\n","protected":false},"author":1,"featured_media":0,"parent":0,"menu_order":0,"comment_status":"closed","ping_status":"closed","template":"","meta":{"_et_pb_use_builder":"","_et_pb_old_content":"","_et_gb_content_width":"","footnotes":""},"class_list":["post-33","page","type-page","status-publish","hentry"],"_links":{"self":[{"href":"https:\/\/connecting-online.eu\/index.php?rest_route=\/wp\/v2\/pages\/33","targetHints":{"allow":["GET"]}}],"collection":[{"href":"https:\/\/connecting-online.eu\/index.php?rest_route=\/wp\/v2\/pages"}],"about":[{"href":"https:\/\/connecting-online.eu\/index.php?rest_route=\/wp\/v2\/types\/page"}],"author":[{"embeddable":true,"href":"https:\/\/connecting-online.eu\/index.php?rest_route=\/wp\/v2\/users\/1"}],"replies":[{"embeddable":true,"href":"https:\/\/connecting-online.eu\/index.php?rest_route=%2Fwp%2Fv2%2Fcomments&post=33"}],"version-history":[{"count":14,"href":"https:\/\/connecting-online.eu\/index.php?rest_route=\/wp\/v2\/pages\/33\/revisions"}],"predecessor-version":[{"id":1568,"href":"https:\/\/connecting-online.eu\/index.php?rest_route=\/wp\/v2\/pages\/33\/revisions\/1568"}],"wp:attachment":[{"href":"https:\/\/connecting-online.eu\/index.php?rest_route=%2Fwp%2Fv2%2Fmedia&parent=33"}],"curies":[{"name":"wp","href":"https:\/\/api.w.org\/{rel}","templated":true}]}}