{"id":31,"date":"2018-09-26T16:26:40","date_gmt":"2018-09-26T16:26:40","guid":{"rendered":"http:\/\/test.connecting-online.eu\/?page_id=31"},"modified":"2023-02-01T19:40:35","modified_gmt":"2023-02-01T19:40:35","slug":"downloads","status":"publish","type":"page","link":"https:\/\/connecting-online.eu\/?page_id=31","title":{"rendered":"Downloads"},"content":{"rendered":"\n<p><strong>Beschreibungen f\u00fcr Multiplikatorenausbildungen<\/strong><\/p>\n\n\n\n<div class=\"wp-block-file\"><a href=\"https:\/\/connecting-online.eu\/wp-content\/uploads\/2018\/10\/CONNECTING-Multiplikatorenausbildung-mit-Kontrolltechniken.pdf\">CONNECTING Multiplikatorenausbildung mit Kontrolltechniken<\/a><a href=\"https:\/\/connecting-online.eu\/wp-content\/uploads\/2018\/10\/CONNECTING-Multiplikatorenausbildung-mit-Kontrolltechniken.pdf\" class=\"wp-block-file__button\" download>Herunterladen<\/a><\/div>\n\n\n\n<div class=\"wp-block-file\"><a href=\"https:\/\/connecting-online.eu\/wp-content\/uploads\/2018\/10\/CONNECTING-Multiplikatorenausbildung-ohne-Kontrolltechniken.pdf\">CONNECTING Multiplikatorenausbildung ohne Kontrolltechniken<\/a><a href=\"https:\/\/connecting-online.eu\/wp-content\/uploads\/2018\/10\/CONNECTING-Multiplikatorenausbildung-ohne-Kontrolltechniken.pdf\" class=\"wp-block-file__button\" download>Herunterladen<\/a><\/div>\n\n\n\n<p><strong>Allgemeine Informationen<\/strong><\/p>\n\n\n\n<div class=\"wp-block-file\"><a href=\"https:\/\/connecting-online.eu\/wp-content\/uploads\/2018\/10\/Connecting-Brosch\u00fcre-Oktober-2018.pdf\">Connecting Brosch\u00fcre<\/a><a href=\"https:\/\/connecting-online.eu\/wp-content\/uploads\/2018\/10\/Connecting-Brosch\u00fcre-Oktober-2018.pdf\" class=\"wp-block-file__button\" download>Herunterladen<\/a><\/div>\n\n\n\n<div class=\"wp-block-file\"><a href=\"https:\/\/connecting-online.eu\/wp-content\/uploads\/2020\/08\/Design-Idee-NOW-ABC-Druckvorlagen-Pinnwand-Download-20200818.pdf\">Design-Idee NOW-ABC Druckvorlagen Pinnwand -Download 20200818<\/a><a href=\"https:\/\/connecting-online.eu\/wp-content\/uploads\/2020\/08\/Design-Idee-NOW-ABC-Druckvorlagen-Pinnwand-Download-20200818.pdf\" class=\"wp-block-file__button\" download>Herunterladen<\/a><\/div>\n\n\n\n<div class=\"wp-block-file\"><a href=\"https:\/\/connecting-online.eu\/wp-content\/uploads\/2019\/06\/English-design-idee-now-abc-template-moderation-board.pdf\">English design-idee now-abc template moderation board<\/a><a href=\"https:\/\/connecting-online.eu\/wp-content\/uploads\/2019\/06\/English-design-idee-now-abc-template-moderation-board.pdf\" class=\"wp-block-file__button\" download>Herunterladen<\/a><\/div>\n\n\n\n<div class=\"wp-block-file\"><a href=\"https:\/\/connecting-online.eu\/wp-content\/uploads\/2020\/02\/9-Phasen-Modell-Walter-Oud-2020-Ludwigshafen-1.pdf\">9-Phasen-Modell-Walter-Oud-2020-Ludwigshafen-1<\/a><a href=\"https:\/\/connecting-online.eu\/wp-content\/uploads\/2020\/02\/9-Phasen-Modell-Walter-Oud-2020-Ludwigshafen-1.pdf\" class=\"wp-block-file__button\" download>Herunterladen<\/a><\/div>\n\n\n\n<p>Dreil\u00e4nderkongress Psychatrische Pflege <a href=\"http:\/\/www.pflege-in-der-psychiatrie.eu\/fruehere-kongresse.htm\">Downloadbereich<\/a><\/p>\n\n\n\n<p><strong>DGSGB-Deutschen Gesellschaft f\u00fcr seelische Gesundheit bei Menschen mit geistiger Behinderung<\/strong><\/p>\n\n\n\n<p><a href=\"http:\/\/dgsgb.de\/index.php?volume=978-3-938931-22-6 \">Praxisleitlinien und Prinzipien. Assessment, Diagnostik, Behandlung und Unterst\u00fctzung f\u00fcr Menschen mit geistiger Behinderung und Problemverhalten &#8211; Europ\u00e4ische Edition<\/a><\/p>\n\n\n\n<p><strong>AWMF<\/strong>  (<strong>A<\/strong>rbeitsgemeinschaft der <strong>W<\/strong>issenschaftlichen <strong>M<\/strong>edizinischen <strong>F<\/strong>achgesellschaften)<\/p>\n\n\n\n<p><a href=\"https:\/\/www.awmf.org\/leitlinien\/detail\/ll\/038-022.html\">S3 Leitlinie \u201eVerhinderung von Zwang: Pr\u00e4vention und Therapie aggressiven Verhaltens bei Erwachsenen\u201c<\/a><\/p>\n\n\n\n<p><strong>Verein NGS Deutschland e.V.<\/strong><\/p>\n\n\n\n<p><a href=\"https:\/\/nags-deutschland.de\/aktuelles\/\" target=\"_blank\" rel=\"noreferrer noopener\">Handlungsempfehlung im Bezug auf den Umgang mit Fort- und Weiterbildung in Corona Zeiten<\/a><\/p>\n\n\n\n<p><strong>PreVCo<\/strong><\/p>\n\n\n\n<p><a href=\"http:\/\/www.prevco.de\/Veroeffentlichungen\/Arbeitshilfe%2012%20Empfehlungen_A4.pdf\">Handlungsempfehlung<\/a><\/p>\n\n\n\n<p><strong>Oud Consultancy <\/strong><\/p>\n\n\n\n<p><a href=\"http:\/\/www.oudconsultancy.nl\/oudsite\/oudconsultancy-a.html\">Downloadbereich f\u00fcr Kongressb\u00e4nde<\/a><\/p>\n","protected":false},"excerpt":{"rendered":"<p>Beschreibungen f\u00fcr Multiplikatorenausbildungen Allgemeine Informationen Dreil\u00e4nderkongress Psychatrische Pflege Downloadbereich DGSGB-Deutschen Gesellschaft f\u00fcr seelische Gesundheit bei Menschen mit geistiger Behinderung Praxisleitlinien und Prinzipien. Assessment, Diagnostik, Behandlung und Unterst\u00fctzung f\u00fcr Menschen mit geistiger Behinderung und Problemverhalten &#8211; Europ\u00e4ische Edition AWMF (Arbeitsgemeinschaft der Wissenschaftlichen Medizinischen Fachgesellschaften) S3 Leitlinie \u201eVerhinderung von Zwang: Pr\u00e4vention und Therapie aggressiven Verhaltens bei Erwachsenen\u201c [&hellip;]<\/p>\n","protected":false},"author":1,"featured_media":0,"parent":0,"menu_order":0,"comment_status":"closed","ping_status":"closed","template":"","meta":{"_et_pb_use_builder":"","_et_pb_old_content":"","_et_gb_content_width":"","footnotes":""},"class_list":["post-31","page","type-page","status-publish","hentry"],"_links":{"self":[{"href":"https:\/\/connecting-online.eu\/index.php?rest_route=\/wp\/v2\/pages\/31","targetHints":{"allow":["GET"]}}],"collection":[{"href":"https:\/\/connecting-online.eu\/index.php?rest_route=\/wp\/v2\/pages"}],"about":[{"href":"https:\/\/connecting-online.eu\/index.php?rest_route=\/wp\/v2\/types\/page"}],"author":[{"embeddable":true,"href":"https:\/\/connecting-online.eu\/index.php?rest_route=\/wp\/v2\/users\/1"}],"replies":[{"embeddable":true,"href":"https:\/\/connecting-online.eu\/index.php?rest_route=%2Fwp%2Fv2%2Fcomments&post=31"}],"version-history":[{"count":40,"href":"https:\/\/connecting-online.eu\/index.php?rest_route=\/wp\/v2\/pages\/31\/revisions"}],"predecessor-version":[{"id":1481,"href":"https:\/\/connecting-online.eu\/index.php?rest_route=\/wp\/v2\/pages\/31\/revisions\/1481"}],"wp:attachment":[{"href":"https:\/\/connecting-online.eu\/index.php?rest_route=%2Fwp%2Fv2%2Fmedia&parent=31"}],"curies":[{"name":"wp","href":"https:\/\/api.w.org\/{rel}","templated":true}]}}